{"id":486,"date":"2026-03-09T14:02:38","date_gmt":"2026-03-09T13:02:38","guid":{"rendered":"https:\/\/worldofprogmat.org\/?page_id=486"},"modified":"2026-03-25T16:24:59","modified_gmt":"2026-03-25T15:24:59","slug":"impressum","status":"publish","type":"page","link":"https:\/\/worldofprogmat.org\/en\/impressum\/","title":{"rendered":"Imprint"},"content":{"rendered":"<!--more-->\n\n\n\n<p>Das<br><br><strong>Fraunhofer Institute for Mechanics of Materials IWM<\/strong><br>W\u00f6hlerstra\u00dfe 11<br>79108 Freiburg, Germany<br>Telefon: +49 761 5142- 0<br>Fax: +49 761 5142-510<br>Email:&nbsp;<a href=\"mailto:%20info@iwm.fraunhofer.de\" target=\"_blank\" rel=\"noreferrer noopener\">info@iwm.fraunhofer.de<\/a><\/p>\n\n\n\n<p>ist eine rechtlich nicht selbstst\u00e4ndige Einrichtung der<\/p>\n\n\n\n<p><strong>Fraunhofer-Gesellschaft&nbsp;<br>zur F\u00f6rderung der angewandten Forschung e.V.<\/strong><br>Hansastra\u00dfe 27 c<br>80686 M\u00fcnchen<br>Telefon: +49 89 1205- 0<br>Fax: +49 89 1205-7531&nbsp;<br>Internet:&nbsp;<a href=\"http:\/\/www.fraunhofer.de\/\" target=\"_blank\" rel=\"noreferrer noopener\">www.fraunhofer.de<\/a><br>Email:&nbsp;<a href=\"mailto:%20info@zv.fraunhofer.de\" target=\"_blank\" rel=\"noreferrer noopener\">info@zv.fraunhofer.de<\/a><\/p>\n\n\n\n<p><strong>Verantwortlicher Redakteur:<\/strong><\/p>\n\n\n\n<p>Wiebke Beckmann<br>Telefon: +49 761 5142-418<br>Email:\u00a0<a href=\"mailto:wiebke.beckmann@iwm.fraunhofer.de\" target=\"_blank\" rel=\"noreferrer noopener\">wiebke.beckmann@iwm.fraunhofer.de<\/a><\/p>\n\n\n\n<p>Umsatzsteuer-Identifikationsnummer gem\u00e4\u00df \u00a7 27 a<br>Umsatzsteuergesetz: DE 129515865<\/p>\n\n\n\n<p>Registergericht<br>Amtsgericht M\u00fcnchen<br>Eingetragener Verein<br>Register-Nr. VR 4461<br><\/p>\n\n\n\n<h4 class=\"wp-block-heading\">Vorstand<\/h4>\n\n\n\n<p><strong>Prof. Dr.-Ing. Holger Hanselka<br><\/strong>Pr\u00e4sidentund&nbsp;Vorstandsvorsitzender | Unternehmensstrategie und -kommunikation<strong><br><br>Prof. Dr. Constantin H\u00e4fner<br><\/strong>Vorstand f\u00fcr Forschung und Transfer&nbsp;(Vorstandsressort VA)<strong><br><br>Prof. Dr. Axel M\u00fcller-Groeling<br><\/strong>Vorstand f\u00fcr Forschungsinfrastrukturen und Digitalisierung&nbsp;(Vorstandsressort VB)<br><br><strong>Elisabeth Ewen<\/strong><br>Vorst\u00e4ndin f\u00fcr Personal, Unternehmenskultur und Recht&nbsp;(Vorstandsressort VC)<br><br><strong>Dr. Sandra Krey<\/strong><br>Vorst\u00e4ndin f\u00fcr Finanzen und Controlling&nbsp;(Vorstandsressort VD)<br>&nbsp;<\/p>\n\n\n\n<h4 class=\"wp-block-heading\">Nutzungsrechte<\/h4>\n\n\n\n<p>\u00a9 Fraunhofer-Gesellschaft e. V., M\u00fcnchen<br><br>Alle Rechte vorbehalten.<br>Die Urheberrechte dieser Webseite liegen vollst\u00e4ndig bei der Fraunhofer-Gesellschaft.<\/p>\n\n\n\n<p>Ein Download oder Ausdruck dieser Ver\u00f6ffentlichungen ist ausschlie\u00dflich f\u00fcr den pers\u00f6nlichen Gebrauch gestattet. Alle dar\u00fcber hinaus gehenden Verwendungen, insbesondere die kommerzielle Nutzung und Verbreitung, sind grunds\u00e4tzlich nicht gestattet und bed\u00fcrfen der schriftlichen Genehmigung.<\/p>\n\n\n\n<p>Ein Download oder Ausdruck ist dar\u00fcber hinaus lediglich zum Zweck der Berichterstattung \u00fcber die Fraunhofer-Gesellschaft und ihrer Institute nach Ma\u00dfgabe untenstehender Nutzungsbedingungen gestattet:<\/p>\n\n\n\n<p>Grafische Ver\u00e4nderungen an Bildmotiven \u2013&nbsp;au\u00dfer zum Freistellen des Hauptmotivs&nbsp;\u2013 sind nicht gestattet. Es ist stets die Quellenangabe und \u00dcbersendung von zwei kostenlosen Belegexemplaren an die oben genannte Adresse erforderlich. Die Verwendung ist honorarfrei.<\/p>\n\n\n\n<h4 class=\"wp-block-heading\">Haftungshinweis<\/h4>\n\n\n\n<p>Wir \u00fcbernehmen keine Haftung f\u00fcr die Inhalte externer Links. F\u00fcr den Inhalt der verlinkten Seiten sind ausschlie\u00dflich deren Betreiber verantwortlich.<\/p>\n\n\n\n<p>Wir sind bem\u00fcht, das Webangebot stets aktuell und inhaltlich richtig sowie vollst\u00e4ndig anzubieten. Dennoch ist das Auftreten von Fehlern nicht v\u00f6llig auszuschlie\u00dfen. Das Fraunhofer-Institut bzw. die Fraunhofer-Gesellschaft \u00fcbernimmt keine Haftung f\u00fcr die Aktualit\u00e4t, die inhaltliche Richtigkeit sowie f\u00fcr die Vollst\u00e4ndigkeit der in ihrem Webangebot eingestellten Informationen. Dies bezieht sich auf eventuelle Sch\u00e4den materieller oder ideeller Art Dritter, die durch die Nutzung dieses Webangebotes verursacht wurden.<\/p>\n\n\n\n<p>Gesch\u00fctzte Marken und Namen, Bilder und Texte werden auf unseren Seiten in der Regel nicht als solche kenntlich gemacht. Das Fehlen einer solchen Kennzeichnung bedeutet jedoch nicht, dass es sich um einen freien Namen, ein freies Bild oder einen freien Text im Sinne des Markenzeichenrechts handelt.<\/p>","protected":false},"excerpt":{"rendered":"","protected":false},"author":1,"featured_media":0,"parent":0,"menu_order":0,"comment_status":"closed","ping_status":"closed","template":"","meta":{"_acf_changed":false,"footnotes":""},"folder":[],"class_list":["post-486","page","type-page","status-publish","hentry"],"acf":[],"yoast_head":"<!-- This site is optimized with the Yoast SEO plugin v27.1.1 - https:\/\/yoast.com\/product\/yoast-seo-wordpress\/ -->\n<title>Impressum - World of Progmat<\/title>\n<meta name=\"robots\" content=\"index, follow, max-snippet:-1, max-image-preview:large, max-video-preview:-1\" \/>\n<link rel=\"canonical\" href=\"https:\/\/worldofprogmat.org\/en\/impressum\/\" \/>\n<meta property=\"og:locale\" content=\"en_US\" \/>\n<meta property=\"og:type\" content=\"article\" \/>\n<meta property=\"og:title\" content=\"Impressum - World of Progmat\" \/>\n<meta property=\"og:url\" content=\"https:\/\/worldofprogmat.org\/en\/impressum\/\" \/>\n<meta property=\"og:site_name\" content=\"World of Progmat\" \/>\n<meta property=\"article:modified_time\" content=\"2026-03-25T15:24:59+00:00\" \/>\n<meta name=\"twitter:card\" content=\"summary_large_image\" \/>\n<meta name=\"twitter:label1\" content=\"Est. reading time\" \/>\n\t<meta name=\"twitter:data1\" content=\"3 minutes\" \/>\n<script type=\"application\/ld+json\" class=\"yoast-schema-graph\">{\"@context\":\"https:\/\/schema.org\",\"@graph\":[{\"@type\":\"WebPage\",\"@id\":\"https:\/\/worldofprogmat.org\/en\/impressum\/\",\"url\":\"https:\/\/worldofprogmat.org\/en\/impressum\/\",\"name\":\"Impressum - World of Progmat\",\"isPartOf\":{\"@id\":\"https:\/\/worldofprogmat.org\/en\/#website\"},\"datePublished\":\"2026-03-09T13:02:38+00:00\",\"dateModified\":\"2026-03-25T15:24:59+00:00\",\"breadcrumb\":{\"@id\":\"https:\/\/worldofprogmat.org\/en\/impressum\/#breadcrumb\"},\"inLanguage\":\"en-US\",\"potentialAction\":[{\"@type\":\"ReadAction\",\"target\":[\"https:\/\/worldofprogmat.org\/en\/impressum\/\"]}]},{\"@type\":\"BreadcrumbList\",\"@id\":\"https:\/\/worldofprogmat.org\/en\/impressum\/#breadcrumb\",\"itemListElement\":[{\"@type\":\"ListItem\",\"position\":1,\"name\":\"Startseite\",\"item\":\"https:\/\/worldofprogmat.org\/\"},{\"@type\":\"ListItem\",\"position\":2,\"name\":\"Impressum\"}]},{\"@type\":\"WebSite\",\"@id\":\"https:\/\/worldofprogmat.org\/en\/#website\",\"url\":\"https:\/\/worldofprogmat.org\/en\/\",\"name\":\"World of Progmat\",\"description\":\"Fraunhofer Cluster of Excellence Programmierbare Materialien CPM\",\"potentialAction\":[{\"@type\":\"SearchAction\",\"target\":{\"@type\":\"EntryPoint\",\"urlTemplate\":\"https:\/\/worldofprogmat.org\/en\/?s={search_term_string}\"},\"query-input\":{\"@type\":\"PropertyValueSpecification\",\"valueRequired\":true,\"valueName\":\"search_term_string\"}}],\"inLanguage\":\"en-US\"}]}<\/script>\n<!-- \/ Yoast SEO plugin. -->","yoast_head_json":{"title":"Impressum - World of Progmat","robots":{"index":"index","follow":"follow","max-snippet":"max-snippet:-1","max-image-preview":"max-image-preview:large","max-video-preview":"max-video-preview:-1"},"canonical":"https:\/\/worldofprogmat.org\/en\/impressum\/","og_locale":"en_US","og_type":"article","og_title":"Impressum - World of Progmat","og_url":"https:\/\/worldofprogmat.org\/en\/impressum\/","og_site_name":"World of Progmat","article_modified_time":"2026-03-25T15:24:59+00:00","twitter_card":"summary_large_image","twitter_misc":{"Est. reading time":"3 minutes"},"schema":{"@context":"https:\/\/schema.org","@graph":[{"@type":"WebPage","@id":"https:\/\/worldofprogmat.org\/en\/impressum\/","url":"https:\/\/worldofprogmat.org\/en\/impressum\/","name":"Impressum - World of Progmat","isPartOf":{"@id":"https:\/\/worldofprogmat.org\/en\/#website"},"datePublished":"2026-03-09T13:02:38+00:00","dateModified":"2026-03-25T15:24:59+00:00","breadcrumb":{"@id":"https:\/\/worldofprogmat.org\/en\/impressum\/#breadcrumb"},"inLanguage":"en-US","potentialAction":[{"@type":"ReadAction","target":["https:\/\/worldofprogmat.org\/en\/impressum\/"]}]},{"@type":"BreadcrumbList","@id":"https:\/\/worldofprogmat.org\/en\/impressum\/#breadcrumb","itemListElement":[{"@type":"ListItem","position":1,"name":"Startseite","item":"https:\/\/worldofprogmat.org\/"},{"@type":"ListItem","position":2,"name":"Impressum"}]},{"@type":"WebSite","@id":"https:\/\/worldofprogmat.org\/en\/#website","url":"https:\/\/worldofprogmat.org\/en\/","name":"World of Progmat","description":"Fraunhofer Cluster of Excellence Programmierbare Materialien CPM","potentialAction":[{"@type":"SearchAction","target":{"@type":"EntryPoint","urlTemplate":"https:\/\/worldofprogmat.org\/en\/?s={search_term_string}"},"query-input":{"@type":"PropertyValueSpecification","valueRequired":true,"valueName":"search_term_string"}}],"inLanguage":"en-US"}]}},"_links":{"self":[{"href":"https:\/\/worldofprogmat.org\/en\/wp-json\/wp\/v2\/pages\/486","targetHints":{"allow":["GET"]}}],"collection":[{"href":"https:\/\/worldofprogmat.org\/en\/wp-json\/wp\/v2\/pages"}],"about":[{"href":"https:\/\/worldofprogmat.org\/en\/wp-json\/wp\/v2\/types\/page"}],"author":[{"embeddable":true,"href":"https:\/\/worldofprogmat.org\/en\/wp-json\/wp\/v2\/users\/1"}],"replies":[{"embeddable":true,"href":"https:\/\/worldofprogmat.org\/en\/wp-json\/wp\/v2\/comments?post=486"}],"version-history":[{"count":4,"href":"https:\/\/worldofprogmat.org\/en\/wp-json\/wp\/v2\/pages\/486\/revisions"}],"predecessor-version":[{"id":507,"href":"https:\/\/worldofprogmat.org\/en\/wp-json\/wp\/v2\/pages\/486\/revisions\/507"}],"wp:attachment":[{"href":"https:\/\/worldofprogmat.org\/en\/wp-json\/wp\/v2\/media?parent=486"}],"wp:term":[{"taxonomy":"folder","embeddable":true,"href":"https:\/\/worldofprogmat.org\/en\/wp-json\/wp\/v2\/folder?post=486"}],"curies":[{"name":"wp","href":"https:\/\/api.w.org\/{rel}","templated":true}]}}