{"id":307,"date":"2025-02-28T20:37:09","date_gmt":"2025-02-28T19:37:09","guid":{"rendered":"https:\/\/worldofprogmat.org\/?page_id=307"},"modified":"2025-09-22T08:45:01","modified_gmt":"2025-09-22T06:45:01","slug":"eine-initiative-des-fraunhofer-cpm","status":"publish","type":"page","link":"https:\/\/worldofprogmat.org\/en\/eine-initiative-des-fraunhofer-cpm\/","title":{"rendered":"An initiative of Fraunhofer CPM"},"content":{"rendered":"<p>We develop materials for products that adapt to people's needs, react independently to environmental conditions, and are based on the responsible use of resources. We would be delighted to work with you too.<\/p><\/div><div class=\"col-12 col-md-8 my-3 pt-5\"><div class=\"position-relative\"><div class=\"ratio ratio-16x9\"><img loading=\"lazy\" decoding=\"async\" width=\"1707\" height=\"2560\" src=\"https:\/\/worldofprogmat.org\/wp-content\/uploads\/2025\/02\/240410_sl_DST2207-scaled.jpg\" class=\"object-fit-cover rounded  wp-post-image\" alt=\"\" srcset=\"https:\/\/worldofprogmat.org\/wp-content\/uploads\/2025\/02\/240410_sl_DST2207-scaled.jpg 1707w, https:\/\/worldofprogmat.org\/wp-content\/uploads\/2025\/02\/240410_sl_DST2207-200x300.jpg 200w, https:\/\/worldofprogmat.org\/wp-content\/uploads\/2025\/02\/240410_sl_DST2207-683x1024.jpg 683w, https:\/\/worldofprogmat.org\/wp-content\/uploads\/2025\/02\/240410_sl_DST2207-768x1152.jpg 768w, https:\/\/worldofprogmat.org\/wp-content\/uploads\/2025\/02\/240410_sl_DST2207-1024x1536.jpg 1024w, https:\/\/worldofprogmat.org\/wp-content\/uploads\/2025\/02\/240410_sl_DST2207-1365x2048.jpg 1365w\" sizes=\"auto, (max-width: 1707px) 100vw, 1707px\" \/><\/div><div class=\"position-absolute bottom-0 end-0 px-2 py-1 wop-img-copyright\"><i class=\"bi bi-c-circle\"><\/i> Fraunhofer CPM<\/div><\/div><\/div><div class=\"col-12 col-md-8 offset-md-4 pt-5\">\n\n\n\n<!--more Mehr erfahren-->\n<!--noteaser-->\n\n\n\n<p><strong>Office Fraunhofer Cluster of Excellence Programmable Materials<\/strong><\/p>\n\n\n\n<p>Fraunhofer Institute for Mechanics of Materials IWM<br>79108 Freiburg, Germany<br>Phone +49 761 5142-418<br>Email: <a href=\"mailto:geschaeftsstelle@cpm.fraunhofer.de\">geschaeftsstelle@cpm.fraunhofer.de<\/a><\/p>\n\n\n\n<p><\/p>","protected":false},"excerpt":{"rendered":"<p>Wir entwickeln Materialien f\u00fcr Produkte, die sich den Bed\u00fcrfnissen der Menschen anpassen, eigenst\u00e4ndig auf Umweltbedingungen reagieren und auf einem verantwortungsvollen Einsatz von Ressourcen basieren. Gerne auch mit Ihnen. Fraunhofer CPM<\/p>","protected":false},"author":1,"featured_media":162,"parent":0,"menu_order":3,"comment_status":"closed","ping_status":"closed","template":"","meta":{"_acf_changed":false,"footnotes":""},"folder":[],"class_list":["post-307","page","type-page","status-publish","has-post-thumbnail","hentry"],"acf":[],"yoast_head":"<!-- This site is optimized with the Yoast SEO plugin v27.1.1 - https:\/\/yoast.com\/product\/yoast-seo-wordpress\/ -->\n<title>Eine Initiative des Fraunhofer CPM - World of Progmat<\/title>\n<meta name=\"robots\" content=\"index, follow, max-snippet:-1, max-image-preview:large, max-video-preview:-1\" \/>\n<link rel=\"canonical\" href=\"https:\/\/worldofprogmat.org\/en\/eine-initiative-des-fraunhofer-cpm\/\" \/>\n<meta property=\"og:locale\" content=\"en_US\" \/>\n<meta property=\"og:type\" content=\"article\" \/>\n<meta property=\"og:title\" content=\"Eine Initiative des Fraunhofer CPM - World of Progmat\" \/>\n<meta property=\"og:description\" content=\"Wir entwickeln Materialien f\u00fcr Produkte, die sich den Bed\u00fcrfnissen der Menschen anpassen, eigenst\u00e4ndig auf Umweltbedingungen reagieren und auf einem verantwortungsvollen Einsatz von Ressourcen basieren. Gerne auch mit Ihnen. Fraunhofer CPM\" \/>\n<meta property=\"og:url\" content=\"https:\/\/worldofprogmat.org\/en\/eine-initiative-des-fraunhofer-cpm\/\" \/>\n<meta property=\"og:site_name\" content=\"World of Progmat\" \/>\n<meta property=\"article:modified_time\" content=\"2025-09-22T06:45:01+00:00\" \/>\n<meta property=\"og:image\" content=\"https:\/\/worldofprogmat.org\/wp-content\/uploads\/2025\/02\/240410_sl_DST2207-scaled.jpg\" \/>\n\t<meta property=\"og:image:width\" content=\"1707\" \/>\n\t<meta property=\"og:image:height\" content=\"2560\" \/>\n\t<meta property=\"og:image:type\" content=\"image\/jpeg\" \/>\n<meta name=\"twitter:card\" content=\"summary_large_image\" \/>\n<meta name=\"twitter:label1\" content=\"Est. reading time\" \/>\n\t<meta name=\"twitter:data1\" content=\"1 minute\" \/>\n<script type=\"application\/ld+json\" class=\"yoast-schema-graph\">{\"@context\":\"https:\/\/schema.org\",\"@graph\":[{\"@type\":\"WebPage\",\"@id\":\"https:\/\/worldofprogmat.org\/en\/eine-initiative-des-fraunhofer-cpm\/\",\"url\":\"https:\/\/worldofprogmat.org\/en\/eine-initiative-des-fraunhofer-cpm\/\",\"name\":\"Eine Initiative des Fraunhofer CPM - World of Progmat\",\"isPartOf\":{\"@id\":\"https:\/\/worldofprogmat.org\/en\/#website\"},\"primaryImageOfPage\":{\"@id\":\"https:\/\/worldofprogmat.org\/en\/eine-initiative-des-fraunhofer-cpm\/#primaryimage\"},\"image\":{\"@id\":\"https:\/\/worldofprogmat.org\/en\/eine-initiative-des-fraunhofer-cpm\/#primaryimage\"},\"thumbnailUrl\":\"https:\/\/worldofprogmat.org\/wp-content\/uploads\/2025\/02\/240410_sl_DST2207-scaled.jpg\",\"datePublished\":\"2025-02-28T19:37:09+00:00\",\"dateModified\":\"2025-09-22T06:45:01+00:00\",\"breadcrumb\":{\"@id\":\"https:\/\/worldofprogmat.org\/en\/eine-initiative-des-fraunhofer-cpm\/#breadcrumb\"},\"inLanguage\":\"en-US\",\"potentialAction\":[{\"@type\":\"ReadAction\",\"target\":[\"https:\/\/worldofprogmat.org\/en\/eine-initiative-des-fraunhofer-cpm\/\"]}]},{\"@type\":\"ImageObject\",\"inLanguage\":\"en-US\",\"@id\":\"https:\/\/worldofprogmat.org\/en\/eine-initiative-des-fraunhofer-cpm\/#primaryimage\",\"url\":\"https:\/\/worldofprogmat.org\/wp-content\/uploads\/2025\/02\/240410_sl_DST2207-scaled.jpg\",\"contentUrl\":\"https:\/\/worldofprogmat.org\/wp-content\/uploads\/2025\/02\/240410_sl_DST2207-scaled.jpg\",\"width\":1707,\"height\":2560,\"caption\":\"Fraunhofer CPM\"},{\"@type\":\"BreadcrumbList\",\"@id\":\"https:\/\/worldofprogmat.org\/en\/eine-initiative-des-fraunhofer-cpm\/#breadcrumb\",\"itemListElement\":[{\"@type\":\"ListItem\",\"position\":1,\"name\":\"Startseite\",\"item\":\"https:\/\/worldofprogmat.org\/\"},{\"@type\":\"ListItem\",\"position\":2,\"name\":\"Eine Initiative des Fraunhofer CPM\"}]},{\"@type\":\"WebSite\",\"@id\":\"https:\/\/worldofprogmat.org\/en\/#website\",\"url\":\"https:\/\/worldofprogmat.org\/en\/\",\"name\":\"World of Progmat\",\"description\":\"Fraunhofer Cluster of Excellence Programmierbare Materialien CPM\",\"potentialAction\":[{\"@type\":\"SearchAction\",\"target\":{\"@type\":\"EntryPoint\",\"urlTemplate\":\"https:\/\/worldofprogmat.org\/en\/?s={search_term_string}\"},\"query-input\":{\"@type\":\"PropertyValueSpecification\",\"valueRequired\":true,\"valueName\":\"search_term_string\"}}],\"inLanguage\":\"en-US\"}]}<\/script>\n<!-- \/ Yoast SEO plugin. -->","yoast_head_json":{"title":"Eine Initiative des Fraunhofer CPM - World of Progmat","robots":{"index":"index","follow":"follow","max-snippet":"max-snippet:-1","max-image-preview":"max-image-preview:large","max-video-preview":"max-video-preview:-1"},"canonical":"https:\/\/worldofprogmat.org\/en\/eine-initiative-des-fraunhofer-cpm\/","og_locale":"en_US","og_type":"article","og_title":"Eine Initiative des Fraunhofer CPM - World of Progmat","og_description":"Wir entwickeln Materialien f\u00fcr Produkte, die sich den Bed\u00fcrfnissen der Menschen anpassen, eigenst\u00e4ndig auf Umweltbedingungen reagieren und auf einem verantwortungsvollen Einsatz von Ressourcen basieren. Gerne auch mit Ihnen. Fraunhofer CPM","og_url":"https:\/\/worldofprogmat.org\/en\/eine-initiative-des-fraunhofer-cpm\/","og_site_name":"World of Progmat","article_modified_time":"2025-09-22T06:45:01+00:00","og_image":[{"width":1707,"height":2560,"url":"https:\/\/worldofprogmat.org\/wp-content\/uploads\/2025\/02\/240410_sl_DST2207-scaled.jpg","type":"image\/jpeg"}],"twitter_card":"summary_large_image","twitter_misc":{"Est. reading time":"1 minute"},"schema":{"@context":"https:\/\/schema.org","@graph":[{"@type":"WebPage","@id":"https:\/\/worldofprogmat.org\/en\/eine-initiative-des-fraunhofer-cpm\/","url":"https:\/\/worldofprogmat.org\/en\/eine-initiative-des-fraunhofer-cpm\/","name":"Eine Initiative des Fraunhofer CPM - World of Progmat","isPartOf":{"@id":"https:\/\/worldofprogmat.org\/en\/#website"},"primaryImageOfPage":{"@id":"https:\/\/worldofprogmat.org\/en\/eine-initiative-des-fraunhofer-cpm\/#primaryimage"},"image":{"@id":"https:\/\/worldofprogmat.org\/en\/eine-initiative-des-fraunhofer-cpm\/#primaryimage"},"thumbnailUrl":"https:\/\/worldofprogmat.org\/wp-content\/uploads\/2025\/02\/240410_sl_DST2207-scaled.jpg","datePublished":"2025-02-28T19:37:09+00:00","dateModified":"2025-09-22T06:45:01+00:00","breadcrumb":{"@id":"https:\/\/worldofprogmat.org\/en\/eine-initiative-des-fraunhofer-cpm\/#breadcrumb"},"inLanguage":"en-US","potentialAction":[{"@type":"ReadAction","target":["https:\/\/worldofprogmat.org\/en\/eine-initiative-des-fraunhofer-cpm\/"]}]},{"@type":"ImageObject","inLanguage":"en-US","@id":"https:\/\/worldofprogmat.org\/en\/eine-initiative-des-fraunhofer-cpm\/#primaryimage","url":"https:\/\/worldofprogmat.org\/wp-content\/uploads\/2025\/02\/240410_sl_DST2207-scaled.jpg","contentUrl":"https:\/\/worldofprogmat.org\/wp-content\/uploads\/2025\/02\/240410_sl_DST2207-scaled.jpg","width":1707,"height":2560,"caption":"Fraunhofer CPM"},{"@type":"BreadcrumbList","@id":"https:\/\/worldofprogmat.org\/en\/eine-initiative-des-fraunhofer-cpm\/#breadcrumb","itemListElement":[{"@type":"ListItem","position":1,"name":"Startseite","item":"https:\/\/worldofprogmat.org\/"},{"@type":"ListItem","position":2,"name":"Eine Initiative des Fraunhofer CPM"}]},{"@type":"WebSite","@id":"https:\/\/worldofprogmat.org\/en\/#website","url":"https:\/\/worldofprogmat.org\/en\/","name":"World of Progmat","description":"Fraunhofer Cluster of Excellence Programmierbare Materialien CPM","potentialAction":[{"@type":"SearchAction","target":{"@type":"EntryPoint","urlTemplate":"https:\/\/worldofprogmat.org\/en\/?s={search_term_string}"},"query-input":{"@type":"PropertyValueSpecification","valueRequired":true,"valueName":"search_term_string"}}],"inLanguage":"en-US"}]}},"_links":{"self":[{"href":"https:\/\/worldofprogmat.org\/en\/wp-json\/wp\/v2\/pages\/307","targetHints":{"allow":["GET"]}}],"collection":[{"href":"https:\/\/worldofprogmat.org\/en\/wp-json\/wp\/v2\/pages"}],"about":[{"href":"https:\/\/worldofprogmat.org\/en\/wp-json\/wp\/v2\/types\/page"}],"author":[{"embeddable":true,"href":"https:\/\/worldofprogmat.org\/en\/wp-json\/wp\/v2\/users\/1"}],"replies":[{"embeddable":true,"href":"https:\/\/worldofprogmat.org\/en\/wp-json\/wp\/v2\/comments?post=307"}],"version-history":[{"count":5,"href":"https:\/\/worldofprogmat.org\/en\/wp-json\/wp\/v2\/pages\/307\/revisions"}],"predecessor-version":[{"id":360,"href":"https:\/\/worldofprogmat.org\/en\/wp-json\/wp\/v2\/pages\/307\/revisions\/360"}],"wp:featuredmedia":[{"embeddable":true,"href":"https:\/\/worldofprogmat.org\/en\/wp-json\/wp\/v2\/media\/162"}],"wp:attachment":[{"href":"https:\/\/worldofprogmat.org\/en\/wp-json\/wp\/v2\/media?parent=307"}],"wp:term":[{"taxonomy":"folder","embeddable":true,"href":"https:\/\/worldofprogmat.org\/en\/wp-json\/wp\/v2\/folder?post=307"}],"curies":[{"name":"wp","href":"https:\/\/api.w.org\/{rel}","templated":true}]}}