{"id":303,"date":"2025-02-28T20:30:38","date_gmt":"2025-02-28T19:30:38","guid":{"rendered":"https:\/\/worldofprogmat.org\/?page_id=303"},"modified":"2025-02-28T20:32:32","modified_gmt":"2025-02-28T19:32:32","slug":"programmierbare-materialien","status":"publish","type":"page","link":"https:\/\/worldofprogmat.org\/en\/programmierbare-materialien\/","title":{"rendered":"Programmable Materials"},"content":{"rendered":"<p>We are bringing the future into the present with programmable materials, heralding a paradigm shift. We develop materials for products that adapt to people's needs, react independently to environmental influences, and are based on the responsible use of resources. <\/p><\/div><div class=\"col-12 col-md-8 my-3 pt-5\"><div class=\"position-relative\"><div class=\"ratio ratio-16x9\"><img loading=\"lazy\" decoding=\"async\" width=\"2560\" height=\"1707\" src=\"https:\/\/worldofprogmat.org\/wp-content\/uploads\/2025\/02\/240410_sl_DST2127-scaled.jpg\" class=\"object-fit-cover rounded  wp-post-image\" alt=\"\" srcset=\"https:\/\/worldofprogmat.org\/wp-content\/uploads\/2025\/02\/240410_sl_DST2127-scaled.jpg 2560w, https:\/\/worldofprogmat.org\/wp-content\/uploads\/2025\/02\/240410_sl_DST2127-300x200.jpg 300w, https:\/\/worldofprogmat.org\/wp-content\/uploads\/2025\/02\/240410_sl_DST2127-1024x683.jpg 1024w, https:\/\/worldofprogmat.org\/wp-content\/uploads\/2025\/02\/240410_sl_DST2127-768x512.jpg 768w, https:\/\/worldofprogmat.org\/wp-content\/uploads\/2025\/02\/240410_sl_DST2127-1536x1024.jpg 1536w, https:\/\/worldofprogmat.org\/wp-content\/uploads\/2025\/02\/240410_sl_DST2127-2048x1365.jpg 2048w\" sizes=\"auto, (max-width: 2560px) 100vw, 2560px\" \/><\/div><div class=\"position-absolute bottom-0 end-0 px-2 py-1 wop-img-copyright\"><i class=\"bi bi-c-circle\"><\/i> Fraunhofer CPM<\/div><\/div><\/div><div class=\"col-12 col-md-8 offset-md-4 pt-5\">\n\n\n\n<!--more Mehr erfahren-->\n<!--noteaser-->\n\n\n\n<p>Programmable materials are materials or material composites whose structure is designed in such a way that their properties can be specifically controlled and reversibly changed. Complex and locally varying functions can be programmed into programmable materials. Depending on the application and situation, the material then assumes different states and material properties initiated by external triggers.<\/p>\n\n\n\n<p>Programmable materials open up unique potential for new system solutions, as they take on essential system functionalities themselves, thus eliminating the need for additional system components such as sensors or actuators.<\/p>\n\n\n\n<p>In contrast to smart materials, programmable materials go beyond merely controlling the properties of the material. With them, the entire material behavior can be reversibly and locally variably programmed and controlled using if-then relationships.<\/p>\n\n\n\n<h3 class=\"wp-block-heading\">Why Programmable Materials?<\/h3>\n\n\n\n<p>Global megatrends such as climate change, the energy transition, access to clean water, e-mobility, and digitalization require not only political and social change but also disruptive technological solutions that enable the intelligent, efficient, and sustainable use of locally available resources.<\/p>\n\n\n\n<p>Programmable materials have the potential to initiate a paradigm shift in the use of materials, as they replace technical systems consisting of many components and materials with a single, locally configured one. They thus enable smaller system sizes and reduce the complexity of the overall system as well as dependence on large infrastructures.<\/p>\n\n\n\n<p>Especially in high-tech areas such as soft robotics, programmable materials can help to reduce the increasing vulnerability caused by complex miniaturization.<\/p>\n\n\n\n<p>In addition to greater functional integration and the associated resource efficiency, programmable materials will also enable entirely new functionalities in the future that were previously impossible to achieve, such as modular, application-specific geometries.<\/p>\n\n\n\n<p>Programmable materials offer particularly high potential where particularly high effectiveness or comfort, low space requirements, or a high degree of individuality are required. The cluster expects promising solutions with programmable materials in the following industries:<\/p>\n\n\n\n<ul class=\"wp-block-list\">\n<li>Resource and energy efficiency (energy harvesting, solar technology, cooling, etc.)<\/li>\n\n\n\n<li>Environmental technologies (effective filter systems, indicator systems, etc.)<\/li>\n\n\n\n<li>Miniaturization of technologies (function integration, high functional density)<\/li>\n\n\n\n<li>Improved resilience (adaptability, self-healing, few moving parts)<\/li>\n\n\n\n<li>Medical and health technology (diagnostics, therapy, implants, etc.)<\/li>\n<\/ul>","protected":false},"excerpt":{"rendered":"<p>Wir holen mit programmierbaren Materialien die Zukunft ins Hier und Jetzt und l\u00e4uten damit einen Paradigmenwechsel ein. Wir entwickeln Materialien f\u00fcr Produkte, die sich den Bed\u00fcrfnissen der Menschen anpassen, eigenst\u00e4ndig auf Umwelteinfl\u00fcsse reagieren und auf einem verantwortungsvollen Einsatz von Ressourcen basieren. Fraunhofer CPM<\/p>","protected":false},"author":1,"featured_media":159,"parent":0,"menu_order":5,"comment_status":"closed","ping_status":"closed","template":"","meta":{"_acf_changed":false,"footnotes":""},"folder":[],"class_list":["post-303","page","type-page","status-publish","has-post-thumbnail","hentry"],"acf":[],"yoast_head":"<!-- This site is optimized with the Yoast SEO plugin v27.1.1 - https:\/\/yoast.com\/product\/yoast-seo-wordpress\/ -->\n<title>Programmierbare Materialien - World of Progmat<\/title>\n<meta name=\"robots\" content=\"index, follow, max-snippet:-1, max-image-preview:large, max-video-preview:-1\" \/>\n<link rel=\"canonical\" href=\"https:\/\/worldofprogmat.org\/en\/programmierbare-materialien\/\" \/>\n<meta property=\"og:locale\" content=\"en_US\" \/>\n<meta property=\"og:type\" content=\"article\" \/>\n<meta property=\"og:title\" content=\"Programmierbare Materialien - World of Progmat\" \/>\n<meta property=\"og:description\" content=\"Wir holen mit programmierbaren Materialien die Zukunft ins Hier und Jetzt und l\u00e4uten damit einen Paradigmenwechsel ein. Wir entwickeln Materialien f\u00fcr Produkte, die sich den Bed\u00fcrfnissen der Menschen anpassen, eigenst\u00e4ndig auf Umwelteinfl\u00fcsse reagieren und auf einem verantwortungsvollen Einsatz von Ressourcen basieren. Fraunhofer CPM\" \/>\n<meta property=\"og:url\" content=\"https:\/\/worldofprogmat.org\/en\/programmierbare-materialien\/\" \/>\n<meta property=\"og:site_name\" content=\"World of Progmat\" \/>\n<meta property=\"article:modified_time\" content=\"2025-02-28T19:32:32+00:00\" \/>\n<meta property=\"og:image\" content=\"https:\/\/worldofprogmat.org\/wp-content\/uploads\/2025\/02\/240410_sl_DST2127-scaled.jpg\" \/>\n\t<meta property=\"og:image:width\" content=\"2560\" \/>\n\t<meta property=\"og:image:height\" content=\"1707\" \/>\n\t<meta property=\"og:image:type\" content=\"image\/jpeg\" \/>\n<meta name=\"twitter:card\" content=\"summary_large_image\" \/>\n<meta name=\"twitter:label1\" content=\"Est. reading time\" \/>\n\t<meta name=\"twitter:data1\" content=\"3 minutes\" \/>\n<script type=\"application\/ld+json\" class=\"yoast-schema-graph\">{\"@context\":\"https:\/\/schema.org\",\"@graph\":[{\"@type\":\"WebPage\",\"@id\":\"https:\/\/worldofprogmat.org\/en\/programmierbare-materialien\/\",\"url\":\"https:\/\/worldofprogmat.org\/en\/programmierbare-materialien\/\",\"name\":\"Programmierbare Materialien - World of Progmat\",\"isPartOf\":{\"@id\":\"https:\/\/worldofprogmat.org\/en\/#website\"},\"primaryImageOfPage\":{\"@id\":\"https:\/\/worldofprogmat.org\/en\/programmierbare-materialien\/#primaryimage\"},\"image\":{\"@id\":\"https:\/\/worldofprogmat.org\/en\/programmierbare-materialien\/#primaryimage\"},\"thumbnailUrl\":\"https:\/\/worldofprogmat.org\/wp-content\/uploads\/2025\/02\/240410_sl_DST2127-scaled.jpg\",\"datePublished\":\"2025-02-28T19:30:38+00:00\",\"dateModified\":\"2025-02-28T19:32:32+00:00\",\"breadcrumb\":{\"@id\":\"https:\/\/worldofprogmat.org\/en\/programmierbare-materialien\/#breadcrumb\"},\"inLanguage\":\"en-US\",\"potentialAction\":[{\"@type\":\"ReadAction\",\"target\":[\"https:\/\/worldofprogmat.org\/en\/programmierbare-materialien\/\"]}]},{\"@type\":\"ImageObject\",\"inLanguage\":\"en-US\",\"@id\":\"https:\/\/worldofprogmat.org\/en\/programmierbare-materialien\/#primaryimage\",\"url\":\"https:\/\/worldofprogmat.org\/wp-content\/uploads\/2025\/02\/240410_sl_DST2127-scaled.jpg\",\"contentUrl\":\"https:\/\/worldofprogmat.org\/wp-content\/uploads\/2025\/02\/240410_sl_DST2127-scaled.jpg\",\"width\":2560,\"height\":1707,\"caption\":\"Fraunhofer CPM\"},{\"@type\":\"BreadcrumbList\",\"@id\":\"https:\/\/worldofprogmat.org\/en\/programmierbare-materialien\/#breadcrumb\",\"itemListElement\":[{\"@type\":\"ListItem\",\"position\":1,\"name\":\"Startseite\",\"item\":\"https:\/\/worldofprogmat.org\/\"},{\"@type\":\"ListItem\",\"position\":2,\"name\":\"Programmierbare Materialien\"}]},{\"@type\":\"WebSite\",\"@id\":\"https:\/\/worldofprogmat.org\/en\/#website\",\"url\":\"https:\/\/worldofprogmat.org\/en\/\",\"name\":\"World of Progmat\",\"description\":\"Fraunhofer Cluster of Excellence Programmierbare Materialien CPM\",\"potentialAction\":[{\"@type\":\"SearchAction\",\"target\":{\"@type\":\"EntryPoint\",\"urlTemplate\":\"https:\/\/worldofprogmat.org\/en\/?s={search_term_string}\"},\"query-input\":{\"@type\":\"PropertyValueSpecification\",\"valueRequired\":true,\"valueName\":\"search_term_string\"}}],\"inLanguage\":\"en-US\"}]}<\/script>\n<!-- \/ Yoast SEO plugin. -->","yoast_head_json":{"title":"Programmierbare Materialien - World of Progmat","robots":{"index":"index","follow":"follow","max-snippet":"max-snippet:-1","max-image-preview":"max-image-preview:large","max-video-preview":"max-video-preview:-1"},"canonical":"https:\/\/worldofprogmat.org\/en\/programmierbare-materialien\/","og_locale":"en_US","og_type":"article","og_title":"Programmierbare Materialien - World of Progmat","og_description":"Wir holen mit programmierbaren Materialien die Zukunft ins Hier und Jetzt und l\u00e4uten damit einen Paradigmenwechsel ein. Wir entwickeln Materialien f\u00fcr Produkte, die sich den Bed\u00fcrfnissen der Menschen anpassen, eigenst\u00e4ndig auf Umwelteinfl\u00fcsse reagieren und auf einem verantwortungsvollen Einsatz von Ressourcen basieren. Fraunhofer CPM","og_url":"https:\/\/worldofprogmat.org\/en\/programmierbare-materialien\/","og_site_name":"World of Progmat","article_modified_time":"2025-02-28T19:32:32+00:00","og_image":[{"width":2560,"height":1707,"url":"https:\/\/worldofprogmat.org\/wp-content\/uploads\/2025\/02\/240410_sl_DST2127-scaled.jpg","type":"image\/jpeg"}],"twitter_card":"summary_large_image","twitter_misc":{"Est. reading time":"3 minutes"},"schema":{"@context":"https:\/\/schema.org","@graph":[{"@type":"WebPage","@id":"https:\/\/worldofprogmat.org\/en\/programmierbare-materialien\/","url":"https:\/\/worldofprogmat.org\/en\/programmierbare-materialien\/","name":"Programmierbare Materialien - World of Progmat","isPartOf":{"@id":"https:\/\/worldofprogmat.org\/en\/#website"},"primaryImageOfPage":{"@id":"https:\/\/worldofprogmat.org\/en\/programmierbare-materialien\/#primaryimage"},"image":{"@id":"https:\/\/worldofprogmat.org\/en\/programmierbare-materialien\/#primaryimage"},"thumbnailUrl":"https:\/\/worldofprogmat.org\/wp-content\/uploads\/2025\/02\/240410_sl_DST2127-scaled.jpg","datePublished":"2025-02-28T19:30:38+00:00","dateModified":"2025-02-28T19:32:32+00:00","breadcrumb":{"@id":"https:\/\/worldofprogmat.org\/en\/programmierbare-materialien\/#breadcrumb"},"inLanguage":"en-US","potentialAction":[{"@type":"ReadAction","target":["https:\/\/worldofprogmat.org\/en\/programmierbare-materialien\/"]}]},{"@type":"ImageObject","inLanguage":"en-US","@id":"https:\/\/worldofprogmat.org\/en\/programmierbare-materialien\/#primaryimage","url":"https:\/\/worldofprogmat.org\/wp-content\/uploads\/2025\/02\/240410_sl_DST2127-scaled.jpg","contentUrl":"https:\/\/worldofprogmat.org\/wp-content\/uploads\/2025\/02\/240410_sl_DST2127-scaled.jpg","width":2560,"height":1707,"caption":"Fraunhofer CPM"},{"@type":"BreadcrumbList","@id":"https:\/\/worldofprogmat.org\/en\/programmierbare-materialien\/#breadcrumb","itemListElement":[{"@type":"ListItem","position":1,"name":"Startseite","item":"https:\/\/worldofprogmat.org\/"},{"@type":"ListItem","position":2,"name":"Programmierbare Materialien"}]},{"@type":"WebSite","@id":"https:\/\/worldofprogmat.org\/en\/#website","url":"https:\/\/worldofprogmat.org\/en\/","name":"World of Progmat","description":"Fraunhofer Cluster of Excellence Programmierbare Materialien CPM","potentialAction":[{"@type":"SearchAction","target":{"@type":"EntryPoint","urlTemplate":"https:\/\/worldofprogmat.org\/en\/?s={search_term_string}"},"query-input":{"@type":"PropertyValueSpecification","valueRequired":true,"valueName":"search_term_string"}}],"inLanguage":"en-US"}]}},"_links":{"self":[{"href":"https:\/\/worldofprogmat.org\/en\/wp-json\/wp\/v2\/pages\/303","targetHints":{"allow":["GET"]}}],"collection":[{"href":"https:\/\/worldofprogmat.org\/en\/wp-json\/wp\/v2\/pages"}],"about":[{"href":"https:\/\/worldofprogmat.org\/en\/wp-json\/wp\/v2\/types\/page"}],"author":[{"embeddable":true,"href":"https:\/\/worldofprogmat.org\/en\/wp-json\/wp\/v2\/users\/1"}],"replies":[{"embeddable":true,"href":"https:\/\/worldofprogmat.org\/en\/wp-json\/wp\/v2\/comments?post=303"}],"version-history":[{"count":2,"href":"https:\/\/worldofprogmat.org\/en\/wp-json\/wp\/v2\/pages\/303\/revisions"}],"predecessor-version":[{"id":305,"href":"https:\/\/worldofprogmat.org\/en\/wp-json\/wp\/v2\/pages\/303\/revisions\/305"}],"wp:featuredmedia":[{"embeddable":true,"href":"https:\/\/worldofprogmat.org\/en\/wp-json\/wp\/v2\/media\/159"}],"wp:attachment":[{"href":"https:\/\/worldofprogmat.org\/en\/wp-json\/wp\/v2\/media?parent=303"}],"wp:term":[{"taxonomy":"folder","embeddable":true,"href":"https:\/\/worldofprogmat.org\/en\/wp-json\/wp\/v2\/folder?post=303"}],"curies":[{"name":"wp","href":"https:\/\/api.w.org\/{rel}","templated":true}]}}